{"id":224,"date":"2026-02-10T22:56:19","date_gmt":"2026-02-11T03:56:19","guid":{"rendered":"https:\/\/ergosafeprago.ec\/?page_id=224"},"modified":"2026-03-04T19:37:43","modified_gmt":"2026-03-05T00:37:43","slug":"toppy","status":"publish","type":"page","link":"https:\/\/ergosafeprago.ec\/index.php\/toppy\/","title":{"rendered":"Toppy"},"content":{"rendered":"\t\t<div data-elementor-type=\"wp-page\" data-elementor-id=\"224\" class=\"elementor elementor-224\" data-elementor-post-type=\"page\">\n\t\t\t\t<div class=\"elementor-element elementor-element-ec3813f e-flex e-con-boxed e-con e-parent\" data-id=\"ec3813f\" data-element_type=\"container\" data-e-type=\"container\">\n\t\t\t\t\t<div class=\"e-con-inner\">\n\t\t\t\t<div class=\"elementor-element elementor-element-fe889c2 elementor-widget elementor-widget-image\" data-id=\"fe889c2\" data-element_type=\"widget\" data-e-type=\"widget\" data-widget_type=\"image.default\">\n\t\t\t\t\t\t\t\t\t\t\t\t\t\t\t<img fetchpriority=\"high\" decoding=\"async\" width=\"768\" height=\"432\" src=\"https:\/\/ergosafeprago.ec\/wp-content\/uploads\/2026\/03\/bobinas-768x432-1.png\" class=\"attachment-large size-large wp-image-469\" alt=\"\" srcset=\"https:\/\/ergosafeprago.ec\/wp-content\/uploads\/2026\/03\/bobinas-768x432-1.png 768w, https:\/\/ergosafeprago.ec\/wp-content\/uploads\/2026\/03\/bobinas-768x432-1-300x169.png 300w\" sizes=\"(max-width: 768px) 100vw, 768px\" \/>\t\t\t\t\t\t\t\t\t\t\t\t\t\t\t<\/div>\n\t\t\t\t\t<\/div>\n\t\t\t\t<\/div>\n\t\t<div class=\"elementor-element elementor-element-750dfae e-flex e-con-boxed e-con e-parent\" data-id=\"750dfae\" data-element_type=\"container\" data-e-type=\"container\">\n\t\t\t\t\t<div class=\"e-con-inner\">\n\t\t\t\t<div class=\"elementor-element elementor-element-764c266 elementor-widget elementor-widget-heading\" data-id=\"764c266\" data-element_type=\"widget\" data-e-type=\"widget\" data-widget_type=\"heading.default\">\n\t\t\t\t\t<h2 class=\"elementor-heading-title elementor-size-default\">TOPPY<\/h2>\t\t\t\t<\/div>\n\t\t\t\t\t<\/div>\n\t\t\t\t<\/div>\n\t\t<div class=\"elementor-element elementor-element-8a68318 e-flex e-con-boxed e-con e-parent\" data-id=\"8a68318\" data-element_type=\"container\" data-e-type=\"container\">\n\t\t\t\t\t<div class=\"e-con-inner\">\n\t\t\t\t<div class=\"elementor-element elementor-element-0420052 elementor-widget elementor-widget-text-editor\" data-id=\"0420052\" data-element_type=\"widget\" data-e-type=\"widget\" data-widget_type=\"text-editor.default\">\n\t\t\t\t\t\t\t\t\t<h3 style=\"text-align: center;\">Volteadores de palets y cambiadores de palets<\/h3>\t\t\t\t\t\t\t\t<\/div>\n\t\t\t\t\t<\/div>\n\t\t\t\t<\/div>\n\t\t<div class=\"elementor-element elementor-element-860cf5e e-flex e-con-boxed e-con e-parent\" data-id=\"860cf5e\" data-element_type=\"container\" data-e-type=\"container\">\n\t\t\t\t\t<div class=\"e-con-inner\">\n\t\t\t\t<div class=\"elementor-element elementor-element-6464225 elementor-widget elementor-widget-button\" data-id=\"6464225\" data-element_type=\"widget\" data-e-type=\"widget\" data-widget_type=\"button.default\">\n\t\t\t\t\t\t\t\t\t\t<a class=\"elementor-button elementor-button-link elementor-size-sm\" href=\"#\">\n\t\t\t\t\t\t<span class=\"elementor-button-content-wrapper\">\n\t\t\t\t\t\t\t\t\t<span class=\"elementor-button-text\">Cat\u00e1logo<\/span>\n\t\t\t\t\t<\/span>\n\t\t\t\t\t<\/a>\n\t\t\t\t\t\t\t\t<\/div>\n\t\t\t\t\t<\/div>\n\t\t\t\t<\/div>\n\t\t<div class=\"elementor-element elementor-element-2e4e5ce e-flex e-con-boxed e-con e-parent\" data-id=\"2e4e5ce\" data-element_type=\"container\" data-e-type=\"container\">\n\t\t\t\t\t<div class=\"e-con-inner\">\n\t\t\t\t<div class=\"elementor-element elementor-element-dc09481 elementor-widget-divider--view-line elementor-widget elementor-widget-divider\" data-id=\"dc09481\" data-element_type=\"widget\" data-e-type=\"widget\" data-widget_type=\"divider.default\">\n\t\t\t\t\t\t\t<div class=\"elementor-divider\">\n\t\t\t<span class=\"elementor-divider-separator\">\n\t\t\t\t\t\t<\/span>\n\t\t<\/div>\n\t\t\t\t\t\t<\/div>\n\t\t\t\t\t<\/div>\n\t\t\t\t<\/div>\n\t\t<div class=\"elementor-element elementor-element-021925f e-flex e-con-boxed e-con e-parent\" data-id=\"021925f\" data-element_type=\"container\" data-e-type=\"container\">\n\t\t\t\t\t<div class=\"e-con-inner\">\n\t\t<div class=\"elementor-element elementor-element-2086fe1 e-con-full e-flex e-con e-child\" data-id=\"2086fe1\" data-element_type=\"container\" data-e-type=\"container\">\n\t\t\t\t<div class=\"elementor-element elementor-element-92bdde8 elementor-widget elementor-widget-text-editor\" data-id=\"92bdde8\" data-element_type=\"widget\" data-e-type=\"widget\" data-widget_type=\"text-editor.default\">\n\t\t\t\t\t\t\t\t\t<p>La pasi\u00f3n por la ingenier\u00eda ha sido la fuerza motriz del desarrollo de Toppy, impuls\u00e1ndonos a liderar el grupo hacia el dise\u00f1o de soluciones cada vez m\u00e1s innovadoras. Con un enfoque constante en la tecnolog\u00eda avanzada y las capacidades de producci\u00f3n, Toppy invierte continuamente en el dise\u00f1o de nuevas soluciones, estableciendo as\u00ed nuevos est\u00e1ndares en la industria de manipulaci\u00f3n de palets.<\/p>\t\t\t\t\t\t\t\t<\/div>\n\t\t\t\t<\/div>\n\t\t<div class=\"elementor-element elementor-element-7417776 e-con-full e-flex e-con e-child\" data-id=\"7417776\" data-element_type=\"container\" data-e-type=\"container\">\n\t\t\t\t<div class=\"elementor-element elementor-element-3ce7d6a elementor-widget elementor-widget-image\" data-id=\"3ce7d6a\" data-element_type=\"widget\" data-e-type=\"widget\" data-widget_type=\"image.default\">\n\t\t\t\t\t\t\t\t\t\t\t\t\t\t\t<img decoding=\"async\" width=\"800\" height=\"450\" src=\"https:\/\/ergosafeprago.ec\/wp-content\/uploads\/2026\/03\/videoframe_60142-1024x576.png\" class=\"attachment-large size-large wp-image-470\" alt=\"\" srcset=\"https:\/\/ergosafeprago.ec\/wp-content\/uploads\/2026\/03\/videoframe_60142-1024x576.png 1024w, https:\/\/ergosafeprago.ec\/wp-content\/uploads\/2026\/03\/videoframe_60142-300x169.png 300w, https:\/\/ergosafeprago.ec\/wp-content\/uploads\/2026\/03\/videoframe_60142-768x432.png 768w, https:\/\/ergosafeprago.ec\/wp-content\/uploads\/2026\/03\/videoframe_60142.png 1280w\" sizes=\"(max-width: 800px) 100vw, 800px\" \/>\t\t\t\t\t\t\t\t\t\t\t\t\t\t\t<\/div>\n\t\t\t\t<\/div>\n\t\t\t\t\t<\/div>\n\t\t\t\t<\/div>\n\t\t<div class=\"elementor-element elementor-element-7573a8c e-flex e-con-boxed e-con e-parent\" data-id=\"7573a8c\" data-element_type=\"container\" data-e-type=\"container\">\n\t\t\t\t\t<div class=\"e-con-inner\">\n\t\t\t\t<div class=\"elementor-element elementor-element-0a20b56 elementor-widget-divider--view-line elementor-widget elementor-widget-divider\" data-id=\"0a20b56\" data-element_type=\"widget\" data-e-type=\"widget\" data-widget_type=\"divider.default\">\n\t\t\t\t\t\t\t<div class=\"elementor-divider\">\n\t\t\t<span class=\"elementor-divider-separator\">\n\t\t\t\t\t\t<\/span>\n\t\t<\/div>\n\t\t\t\t\t\t<\/div>\n\t\t\t\t\t<\/div>\n\t\t\t\t<\/div>\n\t\t<div class=\"elementor-element elementor-element-9c3a60a e-flex e-con-boxed e-con e-parent\" data-id=\"9c3a60a\" data-element_type=\"container\" data-e-type=\"container\">\n\t\t\t\t\t<div class=\"e-con-inner\">\n\t\t<div class=\"elementor-element elementor-element-5e10d85 e-con-full e-flex e-con e-child\" data-id=\"5e10d85\" data-element_type=\"container\" data-e-type=\"container\">\n\t\t\t\t<div class=\"elementor-element elementor-element-f2b8112 elementor-widget elementor-widget-image\" data-id=\"f2b8112\" data-element_type=\"widget\" data-e-type=\"widget\" data-widget_type=\"image.default\">\n\t\t\t\t\t\t\t\t\t\t\t\t\t\t\t<img decoding=\"async\" width=\"800\" height=\"745\" src=\"https:\/\/ergosafeprago.ec\/wp-content\/uploads\/2026\/03\/pallet-inverter-maxi-toppy-wb-jogger.jpg\" class=\"attachment-large size-large wp-image-471\" alt=\"\" srcset=\"https:\/\/ergosafeprago.ec\/wp-content\/uploads\/2026\/03\/pallet-inverter-maxi-toppy-wb-jogger.jpg 1009w, https:\/\/ergosafeprago.ec\/wp-content\/uploads\/2026\/03\/pallet-inverter-maxi-toppy-wb-jogger-300x279.jpg 300w, https:\/\/ergosafeprago.ec\/wp-content\/uploads\/2026\/03\/pallet-inverter-maxi-toppy-wb-jogger-768x715.jpg 768w\" sizes=\"(max-width: 800px) 100vw, 800px\" \/>\t\t\t\t\t\t\t\t\t\t\t\t\t\t\t<\/div>\n\t\t\t\t<\/div>\n\t\t<div class=\"elementor-element elementor-element-70fde91 e-con-full e-flex e-con e-child\" data-id=\"70fde91\" data-element_type=\"container\" data-e-type=\"container\">\n\t\t\t\t<div class=\"elementor-element elementor-element-203e137 elementor-widget elementor-widget-text-editor\" data-id=\"203e137\" data-element_type=\"widget\" data-e-type=\"widget\" data-widget_type=\"text-editor.default\">\n\t\t\t\t\t\t\t\t\t<div class=\"elementor-element elementor-element-b30567e elementor-widget elementor-widget-heading\" data-id=\"b30567e\" data-element_type=\"widget\" data-e-type=\"widget\" data-widget_type=\"heading.default\"><div class=\"elementor-widget-container\"><h1>Cambiador de pallets m\u00f3viles<\/h1><\/div><\/div><div class=\"elementor-element elementor-element-cdb632b elementor-widget elementor-widget-text-editor\" data-id=\"cdb632b\" data-element_type=\"widget\" data-e-type=\"widget\" data-widget_type=\"text-editor.default\"><div class=\"elementor-widget-container\"><p>Los volteadores de pallets m\u00f3viles de Toppy est\u00e1n dise\u00f1ados para intercambiar pallets con diversas cargas. Son ideales para almacenes peque\u00f1os y espacios confinados sin \u00e1reas dedicadas para el cambio de pallets, garantizando eficiencia, seguridad y productividad en procesos de manipulaci\u00f3n de materiales.<\/p><\/div><\/div>\t\t\t\t\t\t\t\t<\/div>\n\t\t\t\t<\/div>\n\t\t\t\t\t<\/div>\n\t\t\t\t<\/div>\n\t\t<div class=\"elementor-element elementor-element-2442d30 e-flex e-con-boxed e-con e-parent\" data-id=\"2442d30\" data-element_type=\"container\" data-e-type=\"container\">\n\t\t\t\t\t<div class=\"e-con-inner\">\n\t\t\t\t<div class=\"elementor-element elementor-element-0573edf elementor-widget-divider--view-line elementor-widget elementor-widget-divider\" data-id=\"0573edf\" data-element_type=\"widget\" data-e-type=\"widget\" data-widget_type=\"divider.default\">\n\t\t\t\t\t\t\t<div class=\"elementor-divider\">\n\t\t\t<span class=\"elementor-divider-separator\">\n\t\t\t\t\t\t<\/span>\n\t\t<\/div>\n\t\t\t\t\t\t<\/div>\n\t\t\t\t\t<\/div>\n\t\t\t\t<\/div>\n\t\t<div class=\"elementor-element elementor-element-c49cc85 e-flex e-con-boxed e-con e-parent\" data-id=\"c49cc85\" data-element_type=\"container\" data-e-type=\"container\">\n\t\t\t\t\t<div class=\"e-con-inner\">\n\t\t<div class=\"elementor-element elementor-element-4796191 e-con-full e-flex e-con e-child\" data-id=\"4796191\" data-element_type=\"container\" data-e-type=\"container\">\n\t\t\t\t<div class=\"elementor-element elementor-element-c148847 elementor-widget elementor-widget-image\" data-id=\"c148847\" data-element_type=\"widget\" data-e-type=\"widget\" data-widget_type=\"image.default\">\n\t\t\t\t\t\t\t\t\t\t\t\t\t\t\t<img fetchpriority=\"high\" decoding=\"async\" width=\"768\" height=\"432\" src=\"https:\/\/ergosafeprago.ec\/wp-content\/uploads\/2026\/03\/bobinas-768x432-1.png\" class=\"attachment-large size-large wp-image-469\" alt=\"\" srcset=\"https:\/\/ergosafeprago.ec\/wp-content\/uploads\/2026\/03\/bobinas-768x432-1.png 768w, https:\/\/ergosafeprago.ec\/wp-content\/uploads\/2026\/03\/bobinas-768x432-1-300x169.png 300w\" sizes=\"(max-width: 768px) 100vw, 768px\" \/>\t\t\t\t\t\t\t\t\t\t\t\t\t\t\t<\/div>\n\t\t\t\t<\/div>\n\t\t<div class=\"elementor-element elementor-element-eb4d6f5 e-con-full e-flex e-con e-child\" data-id=\"eb4d6f5\" data-element_type=\"container\" data-e-type=\"container\">\n\t\t\t\t<div class=\"elementor-element elementor-element-4813a74 elementor-widget elementor-widget-text-editor\" data-id=\"4813a74\" data-element_type=\"widget\" data-e-type=\"widget\" data-widget_type=\"text-editor.default\">\n\t\t\t\t\t\t\t\t\t<div class=\"elementor-element elementor-element-9cb865d elementor-widget elementor-widget-heading\" data-id=\"9cb865d\" data-element_type=\"widget\" data-e-type=\"widget\" data-widget_type=\"heading.default\">\n<div class=\"elementor-widget-container\">\n<h1>Equipo volteador de bobina<\/h1>\n<\/div>\n<\/div>\n<div class=\"elementor-element elementor-element-e36cb11 elementor-widget elementor-widget-text-editor\" data-id=\"e36cb11\" data-element_type=\"widget\" data-e-type=\"widget\" data-widget_type=\"text-editor.default\">\n<div class=\"elementor-widget-container\">\n<p>\u201cGestione sus bobinas de manera eficiente con los volteadores de bobinas de Toppy, mejorando el flujo de producci\u00f3n y garantizando altos est\u00e1ndares de seguridad. Estas soluciones permiten optimizar procesos industriales, aumentar productividad y mantener un entorno de trabajo seguro en almacenes y plantas de producci\u00f3n.<\/p>\n<\/div>\n<\/div>\t\t\t\t\t\t\t\t<\/div>\n\t\t\t\t<\/div>\n\t\t\t\t\t<\/div>\n\t\t\t\t<\/div>\n\t\t<div class=\"elementor-element elementor-element-4f267be e-flex e-con-boxed e-con e-parent\" data-id=\"4f267be\" data-element_type=\"container\" data-e-type=\"container\">\n\t\t\t\t\t<div class=\"e-con-inner\">\n\t\t\t\t<div class=\"elementor-element elementor-element-8d346fd elementor-widget-divider--view-line elementor-widget elementor-widget-divider\" data-id=\"8d346fd\" data-element_type=\"widget\" data-e-type=\"widget\" data-widget_type=\"divider.default\">\n\t\t\t\t\t\t\t<div class=\"elementor-divider\">\n\t\t\t<span class=\"elementor-divider-separator\">\n\t\t\t\t\t\t<\/span>\n\t\t<\/div>\n\t\t\t\t\t\t<\/div>\n\t\t\t\t\t<\/div>\n\t\t\t\t<\/div>\n\t\t<div class=\"elementor-element elementor-element-ad1da55 e-flex e-con-boxed e-con e-parent\" data-id=\"ad1da55\" data-element_type=\"container\" data-e-type=\"container\">\n\t\t\t\t\t<div class=\"e-con-inner\">\n\t\t<div class=\"elementor-element elementor-element-894480b e-con-full e-flex e-con e-child\" data-id=\"894480b\" data-element_type=\"container\" data-e-type=\"container\">\n\t\t\t\t<div class=\"elementor-element elementor-element-3b04f57 elementor-widget elementor-widget-image\" data-id=\"3b04f57\" data-element_type=\"widget\" data-e-type=\"widget\" data-widget_type=\"image.default\">\n\t\t\t\t\t\t\t\t\t\t\t\t\t\t\t<img loading=\"lazy\" decoding=\"async\" width=\"768\" height=\"479\" src=\"https:\/\/ergosafeprago.ec\/wp-content\/uploads\/2026\/03\/V-shape-logy-2-768x479-1.webp\" class=\"attachment-large size-large wp-image-472\" alt=\"\" srcset=\"https:\/\/ergosafeprago.ec\/wp-content\/uploads\/2026\/03\/V-shape-logy-2-768x479-1.webp 768w, https:\/\/ergosafeprago.ec\/wp-content\/uploads\/2026\/03\/V-shape-logy-2-768x479-1-300x187.webp 300w\" sizes=\"(max-width: 768px) 100vw, 768px\" \/>\t\t\t\t\t\t\t\t\t\t\t\t\t\t\t<\/div>\n\t\t\t\t<\/div>\n\t\t<div class=\"elementor-element elementor-element-7ec3649 e-con-full e-flex e-con e-child\" data-id=\"7ec3649\" data-element_type=\"container\" data-e-type=\"container\">\n\t\t\t\t<div class=\"elementor-element elementor-element-840c5cf elementor-widget elementor-widget-text-editor\" data-id=\"840c5cf\" data-element_type=\"widget\" data-e-type=\"widget\" data-widget_type=\"text-editor.default\">\n\t\t\t\t\t\t\t\t\t<div class=\"elementor-element elementor-element-b3bc53a elementor-widget elementor-widget-heading\" data-id=\"b3bc53a\" data-element_type=\"widget\" data-e-type=\"widget\" data-widget_type=\"heading.default\"><div class=\"elementor-widget-container\"><h1>Cambiador de pal\u00e9s fijo<\/h1><\/div><\/div><div class=\"elementor-element elementor-element-465b0c9 elementor-widget elementor-widget-text-editor\" data-id=\"465b0c9\" data-element_type=\"widget\" data-e-type=\"widget\" data-widget_type=\"text-editor.default\"><div class=\"elementor-widget-container\"><p>\u201cCambie pallets de manera eficiente con los cambiadores de pallets estacionarios de Toppy. Dise\u00f1ados espec\u00edficamente para manejar productos de forma r\u00e1pida y segura, estas soluciones optimizan procesos de manipulaci\u00f3n de materiales, mejoran productividad y garantizan seguridad en almacenes y entornos industriales.<\/p><\/div><\/div>\t\t\t\t\t\t\t\t<\/div>\n\t\t\t\t<\/div>\n\t\t\t\t\t<\/div>\n\t\t\t\t<\/div>\n\t\t<div class=\"elementor-element elementor-element-7df5360 e-flex e-con-boxed e-con e-parent\" data-id=\"7df5360\" data-element_type=\"container\" data-e-type=\"container\">\n\t\t\t\t\t<div class=\"e-con-inner\">\n\t\t\t\t<div class=\"elementor-element elementor-element-dff187f elementor-widget-divider--view-line elementor-widget elementor-widget-divider\" data-id=\"dff187f\" data-element_type=\"widget\" data-e-type=\"widget\" data-widget_type=\"divider.default\">\n\t\t\t\t\t\t\t<div class=\"elementor-divider\">\n\t\t\t<span class=\"elementor-divider-separator\">\n\t\t\t\t\t\t<\/span>\n\t\t<\/div>\n\t\t\t\t\t\t<\/div>\n\t\t\t\t\t<\/div>\n\t\t\t\t<\/div>\n\t\t<div class=\"elementor-element elementor-element-6d5f206 e-flex e-con-boxed e-con e-parent\" data-id=\"6d5f206\" data-element_type=\"container\" data-e-type=\"container\">\n\t\t\t\t\t<div class=\"e-con-inner\">\n\t\t<div class=\"elementor-element elementor-element-1c98f52 e-con-full e-flex e-con e-child\" data-id=\"1c98f52\" data-element_type=\"container\" data-e-type=\"container\">\n\t\t\t\t<div class=\"elementor-element elementor-element-d2f58a7 elementor-widget elementor-widget-image\" data-id=\"d2f58a7\" data-element_type=\"widget\" data-e-type=\"widget\" data-widget_type=\"image.default\">\n\t\t\t\t\t\t\t\t\t\t\t\t\t\t\t<img loading=\"lazy\" decoding=\"async\" width=\"768\" height=\"768\" src=\"https:\/\/ergosafeprago.ec\/wp-content\/uploads\/2026\/03\/toppy-inverter-768x768-1.png\" class=\"attachment-large size-large wp-image-474\" alt=\"\" srcset=\"https:\/\/ergosafeprago.ec\/wp-content\/uploads\/2026\/03\/toppy-inverter-768x768-1.png 768w, https:\/\/ergosafeprago.ec\/wp-content\/uploads\/2026\/03\/toppy-inverter-768x768-1-300x300.png 300w, https:\/\/ergosafeprago.ec\/wp-content\/uploads\/2026\/03\/toppy-inverter-768x768-1-150x150.png 150w\" sizes=\"(max-width: 768px) 100vw, 768px\" \/>\t\t\t\t\t\t\t\t\t\t\t\t\t\t\t<\/div>\n\t\t\t\t<\/div>\n\t\t<div class=\"elementor-element elementor-element-db829bb e-con-full e-flex e-con e-child\" data-id=\"db829bb\" data-element_type=\"container\" data-e-type=\"container\">\n\t\t\t\t<div class=\"elementor-element elementor-element-3cd2131 elementor-widget elementor-widget-text-editor\" data-id=\"3cd2131\" data-element_type=\"widget\" data-e-type=\"widget\" data-widget_type=\"text-editor.default\">\n\t\t\t\t\t\t\t\t\t<div class=\"elementor-element elementor-element-48529c9 elementor-widget elementor-widget-heading\" data-id=\"48529c9\" data-element_type=\"widget\" data-e-type=\"widget\" data-widget_type=\"heading.default\"><div class=\"elementor-widget-container\"><h1>Cambiador de pal\u00e9s estacionario<\/h1><\/div><\/div><div class=\"elementor-element elementor-element-6157c50 elementor-widget elementor-widget-text-editor\" data-id=\"6157c50\" data-element_type=\"widget\" data-e-type=\"widget\" data-widget_type=\"text-editor.default\"><div class=\"elementor-widget-container\"><p>Toppy dise\u00f1a los volteadores de pallets estacionarios m\u00e1s r\u00e1pidos y seguros, capaces de manejar cualquier tipo de producto a altas velocidades. Disponibles en versiones manual, semiautom\u00e1tica y totalmente autom\u00e1tica, estas soluciones optimizan la manipulaci\u00f3n de pallets, mejoran productividad y garantizan seguridad en almacenes y plantas industriales<\/p><\/div><\/div>\t\t\t\t\t\t\t\t<\/div>\n\t\t\t\t<\/div>\n\t\t\t\t\t<\/div>\n\t\t\t\t<\/div>\n\t\t<div class=\"elementor-element elementor-element-041957d e-flex e-con-boxed e-con e-parent\" data-id=\"041957d\" data-element_type=\"container\" data-e-type=\"container\">\n\t\t\t\t\t<div class=\"e-con-inner\">\n\t\t\t\t<div class=\"elementor-element elementor-element-850e7d9 elementor-widget-divider--view-line elementor-widget elementor-widget-divider\" data-id=\"850e7d9\" data-element_type=\"widget\" data-e-type=\"widget\" data-widget_type=\"divider.default\">\n\t\t\t\t\t\t\t<div class=\"elementor-divider\">\n\t\t\t<span class=\"elementor-divider-separator\">\n\t\t\t\t\t\t<\/span>\n\t\t<\/div>\n\t\t\t\t\t\t<\/div>\n\t\t\t\t\t<\/div>\n\t\t\t\t<\/div>\n\t\t\t\t<\/div>\n\t\t","protected":false},"excerpt":{"rendered":"<p>TOPPY Volteadores de palets y cambiadores de palets Cat\u00e1logo La pasi\u00f3n por la ingenier\u00eda ha sido la fuerza motriz del desarrollo de Toppy, impuls\u00e1ndonos a liderar el grupo hacia el dise\u00f1o de soluciones cada vez m\u00e1s innovadoras. Con un enfoque constante en la tecnolog\u00eda avanzada y las capacidades de producci\u00f3n, Toppy invierte continuamente en el [&hellip;]<\/p>\n","protected":false},"author":1,"featured_media":0,"parent":0,"menu_order":0,"comment_status":"closed","ping_status":"closed","template":"","meta":{"footnotes":""},"class_list":["post-224","page","type-page","status-publish","hentry"],"_links":{"self":[{"href":"https:\/\/ergosafeprago.ec\/index.php\/wp-json\/wp\/v2\/pages\/224","targetHints":{"allow":["GET"]}}],"collection":[{"href":"https:\/\/ergosafeprago.ec\/index.php\/wp-json\/wp\/v2\/pages"}],"about":[{"href":"https:\/\/ergosafeprago.ec\/index.php\/wp-json\/wp\/v2\/types\/page"}],"author":[{"embeddable":true,"href":"https:\/\/ergosafeprago.ec\/index.php\/wp-json\/wp\/v2\/users\/1"}],"replies":[{"embeddable":true,"href":"https:\/\/ergosafeprago.ec\/index.php\/wp-json\/wp\/v2\/comments?post=224"}],"version-history":[{"count":5,"href":"https:\/\/ergosafeprago.ec\/index.php\/wp-json\/wp\/v2\/pages\/224\/revisions"}],"predecessor-version":[{"id":477,"href":"https:\/\/ergosafeprago.ec\/index.php\/wp-json\/wp\/v2\/pages\/224\/revisions\/477"}],"wp:attachment":[{"href":"https:\/\/ergosafeprago.ec\/index.php\/wp-json\/wp\/v2\/media?parent=224"}],"curies":[{"name":"wp","href":"https:\/\/api.w.org\/{rel}","templated":true}]}}