{"id":228,"date":"2026-02-10T22:53:31","date_gmt":"2026-02-11T03:53:31","guid":{"rendered":"https:\/\/ergosafeprago.ec\/?page_id=228"},"modified":"2026-03-03T23:27:00","modified_gmt":"2026-03-04T04:27:00","slug":"mighty-line","status":"publish","type":"page","link":"https:\/\/ergosafeprago.ec\/index.php\/mighty-line\/","title":{"rendered":"Mighty Line"},"content":{"rendered":"\t\t<div data-elementor-type=\"wp-page\" data-elementor-id=\"228\" class=\"elementor elementor-228\" data-elementor-post-type=\"page\">\n\t\t\t\t<div class=\"elementor-element elementor-element-257184d e-flex e-con-boxed e-con e-parent\" data-id=\"257184d\" data-element_type=\"container\" data-e-type=\"container\">\n\t\t\t\t\t<div class=\"e-con-inner\">\n\t\t<div class=\"elementor-element elementor-element-96b5698 e-con-full e-flex e-con e-child\" data-id=\"96b5698\" data-element_type=\"container\" data-e-type=\"container\" data-settings=\"{&quot;background_background&quot;:&quot;slideshow&quot;,&quot;background_slideshow_gallery&quot;:[{&quot;id&quot;:387,&quot;url&quot;:&quot;https:\\\/\\\/ergosafeprago.ec\\\/wp-content\\\/uploads\\\/2026\\\/03\\\/images-16.jpg&quot;}],&quot;background_slideshow_loop&quot;:&quot;yes&quot;,&quot;background_slideshow_slide_duration&quot;:5000,&quot;background_slideshow_slide_transition&quot;:&quot;fade&quot;,&quot;background_slideshow_transition_duration&quot;:500}\">\n\t\t\t\t<div class=\"elementor-element elementor-element-6c2bedd elementor-invisible elementor-widget elementor-widget-heading\" data-id=\"6c2bedd\" data-element_type=\"widget\" data-e-type=\"widget\" data-settings=\"{&quot;motion_fx_motion_fx_scrolling&quot;:&quot;yes&quot;,&quot;motion_fx_opacity_effect&quot;:&quot;yes&quot;,&quot;motion_fx_opacity_level&quot;:{&quot;unit&quot;:&quot;px&quot;,&quot;size&quot;:2.5,&quot;sizes&quot;:[]},&quot;motion_fx_motion_fx_mouse&quot;:&quot;yes&quot;,&quot;_animation&quot;:&quot;fadeInDown&quot;,&quot;motion_fx_opacity_direction&quot;:&quot;out-in&quot;,&quot;motion_fx_opacity_range&quot;:{&quot;unit&quot;:&quot;%&quot;,&quot;size&quot;:&quot;&quot;,&quot;sizes&quot;:{&quot;start&quot;:20,&quot;end&quot;:80}},&quot;motion_fx_devices&quot;:[&quot;desktop&quot;,&quot;tablet&quot;,&quot;mobile&quot;]}\" data-widget_type=\"heading.default\">\n\t\t\t\t\t<h1 class=\"elementor-heading-title elementor-size-default\">MIGHTY LINE<\/h1>\t\t\t\t<\/div>\n\t\t\t\t<div class=\"elementor-element elementor-element-a0326b4 elementor-widget__width-initial elementor-invisible elementor-widget elementor-widget-text-editor\" data-id=\"a0326b4\" data-element_type=\"widget\" data-e-type=\"widget\" data-settings=\"{&quot;_animation&quot;:&quot;fadeInDown&quot;}\" data-widget_type=\"text-editor.default\">\n\t\t\t\t\t\t\t\t\t<div class=\"elementor-element elementor-element-3c57c25 elementor-widget__width-initial elementor-widget elementor-widget-text-editor animated fadeIn\" data-id=\"3c57c25\" data-element_type=\"widget\" data-e-type=\"widget\" data-settings=\"{&quot;_animation&quot;:&quot;fadeIn&quot;}\" data-widget_type=\"text-editor.default\"><div class=\"elementor-widget-container\" style=\"text-align: right;\"><h4 style=\"text-align: center;\">Marcaci\u00f3n de piso duradera y de alto impacto<\/h4><\/div><\/div>\t\t\t\t\t\t\t\t<\/div>\n\t\t\t\t<\/div>\n\t\t\t\t\t<\/div>\n\t\t\t\t<\/div>\n\t\t<div class=\"elementor-element elementor-element-ff4fb8b e-flex e-con-boxed e-con e-parent\" data-id=\"ff4fb8b\" data-element_type=\"container\" data-e-type=\"container\">\n\t\t\t\t\t<div class=\"e-con-inner\">\n\t\t\t\t<div class=\"elementor-element elementor-element-6e7a731 elementor-invisible elementor-widget elementor-widget-button\" data-id=\"6e7a731\" data-element_type=\"widget\" data-e-type=\"widget\" data-settings=\"{&quot;sticky&quot;:&quot;bottom&quot;,&quot;_animation&quot;:&quot;fadeInDown&quot;,&quot;sticky_on&quot;:[&quot;desktop&quot;,&quot;tablet&quot;,&quot;mobile&quot;],&quot;sticky_offset&quot;:0,&quot;sticky_effects_offset&quot;:0,&quot;sticky_anchor_link_offset&quot;:0}\" data-widget_type=\"button.default\">\n\t\t\t\t\t\t\t\t\t\t<a class=\"elementor-button elementor-button-link elementor-size-sm\" href=\"#\">\n\t\t\t\t\t\t<span class=\"elementor-button-content-wrapper\">\n\t\t\t\t\t\t\t\t\t<span class=\"elementor-button-text\">cat\u00e1logo<\/span>\n\t\t\t\t\t<\/span>\n\t\t\t\t\t<\/a>\n\t\t\t\t\t\t\t\t<\/div>\n\t\t\t\t\t<\/div>\n\t\t\t\t<\/div>\n\t\t<div class=\"elementor-element elementor-element-79bb304 e-grid e-con-full e-con e-parent\" data-id=\"79bb304\" data-element_type=\"container\" data-e-type=\"container\">\n\t\t\t\t<div class=\"elementor-element elementor-element-17289c2 elementor-widget elementor-widget-heading\" data-id=\"17289c2\" data-element_type=\"widget\" data-e-type=\"widget\" data-widget_type=\"heading.default\">\n\t\t\t\t\t<h2 class=\"elementor-heading-title elementor-size-default\">La mejor cinta para marcar pisos, marcas Lean 5s y se\u00f1ales para piso<\/h2>\t\t\t\t<\/div>\n\t\t\t\t<div class=\"elementor-element elementor-element-cc5f259 elementor-widget elementor-widget-text-editor\" data-id=\"cc5f259\" data-element_type=\"widget\" data-e-type=\"widget\" data-widget_type=\"text-editor.default\">\n\t\t\t\t\t\t\t\t\t<h3 style=\"text-align: center;\">Creando los lugares de trabajo m\u00e1s seguros y avanzados del mundo<\/h3>\t\t\t\t\t\t\t\t<\/div>\n\t\t\t\t<\/div>\n\t\t<div class=\"elementor-element elementor-element-5ecd0b2 e-flex e-con-boxed e-con e-parent\" data-id=\"5ecd0b2\" data-element_type=\"container\" data-e-type=\"container\">\n\t\t\t\t\t<div class=\"e-con-inner\">\n\t\t\t\t<div class=\"elementor-element elementor-element-098c8b1 elementor-widget-divider--view-line elementor-widget elementor-widget-divider\" data-id=\"098c8b1\" data-element_type=\"widget\" data-e-type=\"widget\" data-widget_type=\"divider.default\">\n\t\t\t\t\t\t\t<div class=\"elementor-divider\">\n\t\t\t<span class=\"elementor-divider-separator\">\n\t\t\t\t\t\t<\/span>\n\t\t<\/div>\n\t\t\t\t\t\t<\/div>\n\t\t\t\t\t<\/div>\n\t\t\t\t<\/div>\n\t\t<div class=\"elementor-element elementor-element-7e4230a e-flex e-con-boxed e-con e-parent\" data-id=\"7e4230a\" data-element_type=\"container\" data-e-type=\"container\">\n\t\t\t\t\t<div class=\"e-con-inner\">\n\t\t\t\t<div class=\"elementor-element elementor-element-cb6a9d5 elementor-widget elementor-widget-text-editor\" data-id=\"cb6a9d5\" data-element_type=\"widget\" data-e-type=\"widget\" data-widget_type=\"text-editor.default\">\n\t\t\t\t\t\t\t\t\t<h3 class=\"elementor-heading-title elementor-size-default\" style=\"text-align: center;\">Aumente la productividad de su almac\u00e9n con nuestra cinta para pisos<\/h3>\t\t\t\t\t\t\t\t<\/div>\n\t\t\t\t\t<\/div>\n\t\t\t\t<\/div>\n\t\t<div class=\"elementor-element elementor-element-6550d6b e-flex e-con-boxed e-con e-parent\" data-id=\"6550d6b\" data-element_type=\"container\" data-e-type=\"container\">\n\t\t\t\t\t<div class=\"e-con-inner\">\n\t\t\t\t<div class=\"elementor-element elementor-element-45c854a elementor-widget-divider--view-line elementor-widget elementor-widget-divider\" data-id=\"45c854a\" data-element_type=\"widget\" data-e-type=\"widget\" data-widget_type=\"divider.default\">\n\t\t\t\t\t\t\t<div class=\"elementor-divider\">\n\t\t\t<span class=\"elementor-divider-separator\">\n\t\t\t\t\t\t<\/span>\n\t\t<\/div>\n\t\t\t\t\t\t<\/div>\n\t\t\t\t\t<\/div>\n\t\t\t\t<\/div>\n\t\t<div class=\"elementor-element elementor-element-4ebabda e-flex e-con-boxed e-con e-parent\" data-id=\"4ebabda\" data-element_type=\"container\" data-e-type=\"container\">\n\t\t\t\t\t<div class=\"e-con-inner\">\n\t\t\t\t<div class=\"elementor-element elementor-element-ad79557 elementor-widget elementor-widget-heading\" data-id=\"ad79557\" data-element_type=\"widget\" data-e-type=\"widget\" data-widget_type=\"heading.default\">\n\t\t\t\t\t<h2 class=\"elementor-heading-title elementor-size-default\">Categor\u00edas<\/h2>\t\t\t\t<\/div>\n\t\t\t\t\t<\/div>\n\t\t\t\t<\/div>\n\t\t<div class=\"elementor-element elementor-element-6c96c1f e-flex e-con-boxed e-con e-parent\" data-id=\"6c96c1f\" data-element_type=\"container\" data-e-type=\"container\">\n\t\t\t\t\t<div class=\"e-con-inner\">\n\t\t\t\t<div class=\"elementor-element elementor-element-03e41bb elementor-widget-divider--view-line elementor-widget elementor-widget-divider\" data-id=\"03e41bb\" data-element_type=\"widget\" data-e-type=\"widget\" data-widget_type=\"divider.default\">\n\t\t\t\t\t\t\t<div class=\"elementor-divider\">\n\t\t\t<span class=\"elementor-divider-separator\">\n\t\t\t\t\t\t<\/span>\n\t\t<\/div>\n\t\t\t\t\t\t<\/div>\n\t\t\t\t\t<\/div>\n\t\t\t\t<\/div>\n\t\t<div class=\"elementor-element elementor-element-4361d5c e-grid e-con-boxed e-con e-parent\" data-id=\"4361d5c\" data-element_type=\"container\" data-e-type=\"container\">\n\t\t\t\t\t<div class=\"e-con-inner\">\n\t\t\t\t<div class=\"elementor-element elementor-element-da6c447 elementor-widget elementor-widget-image\" data-id=\"da6c447\" data-element_type=\"widget\" data-e-type=\"widget\" data-widget_type=\"image.default\">\n\t\t\t\t\t\t\t\t\t\t\t\t\t\t\t<img fetchpriority=\"high\" decoding=\"async\" width=\"300\" height=\"225\" src=\"https:\/\/ergosafeprago.ec\/wp-content\/uploads\/2026\/03\/mighty-line-mightyliner-768x576-1-300x225.png\" class=\"attachment-medium size-medium wp-image-388\" alt=\"\" srcset=\"https:\/\/ergosafeprago.ec\/wp-content\/uploads\/2026\/03\/mighty-line-mightyliner-768x576-1-300x225.png 300w, https:\/\/ergosafeprago.ec\/wp-content\/uploads\/2026\/03\/mighty-line-mightyliner-768x576-1.png 768w\" sizes=\"(max-width: 300px) 100vw, 300px\" \/>\t\t\t\t\t\t\t\t\t\t\t\t\t\t\t<\/div>\n\t\t\t\t<div class=\"elementor-element elementor-element-f0efe2b elementor-widget elementor-widget-text-editor\" data-id=\"f0efe2b\" data-element_type=\"widget\" data-e-type=\"widget\" data-widget_type=\"text-editor.default\">\n\t\t\t\t\t\t\t\t\t<h3><strong>Productos de instalaci\u00f3n y limpieza<\/strong><\/h3><p>Mighty Line permite ahorrar tiempo y esfuerzo al marcar los pisos de su almac\u00e9n, mejorando la organizaci\u00f3n, se\u00f1alizaci\u00f3n y seguridad. Sus soluciones de se\u00f1alizaci\u00f3n industrial garantizan visibilidad clara, delimitaci\u00f3n eficiente de zonas y optimizaci\u00f3n de procesos en almacenes, centros log\u00edsticos y entornos industriales.<\/p>\t\t\t\t\t\t\t\t<\/div>\n\t\t\t\t\t<\/div>\n\t\t\t\t<\/div>\n\t\t<div class=\"elementor-element elementor-element-aca270e e-flex e-con-boxed e-con e-parent\" data-id=\"aca270e\" data-element_type=\"container\" data-e-type=\"container\">\n\t\t\t\t\t<div class=\"e-con-inner\">\n\t\t\t\t<div class=\"elementor-element elementor-element-18cbc58 elementor-widget-divider--view-line elementor-widget elementor-widget-divider\" data-id=\"18cbc58\" data-element_type=\"widget\" data-e-type=\"widget\" data-widget_type=\"divider.default\">\n\t\t\t\t\t\t\t<div class=\"elementor-divider\">\n\t\t\t<span class=\"elementor-divider-separator\">\n\t\t\t\t\t\t<\/span>\n\t\t<\/div>\n\t\t\t\t\t\t<\/div>\n\t\t\t\t\t<\/div>\n\t\t\t\t<\/div>\n\t\t<div class=\"elementor-element elementor-element-c09afb9 e-grid e-con-boxed e-con e-parent\" data-id=\"c09afb9\" data-element_type=\"container\" data-e-type=\"container\">\n\t\t\t\t\t<div class=\"e-con-inner\">\n\t\t\t\t<div class=\"elementor-element elementor-element-27b040f elementor-widget elementor-widget-image\" data-id=\"27b040f\" data-element_type=\"widget\" data-e-type=\"widget\" data-widget_type=\"image.default\">\n\t\t\t\t\t\t\t\t\t\t\t\t\t\t\t<img decoding=\"async\" width=\"300\" height=\"158\" src=\"https:\/\/ergosafeprago.ec\/wp-content\/uploads\/2026\/03\/e1521aedf4cef88b9691ea832528e7f0-768x404-1-300x158.jpeg\" class=\"attachment-medium size-medium wp-image-389\" alt=\"\" srcset=\"https:\/\/ergosafeprago.ec\/wp-content\/uploads\/2026\/03\/e1521aedf4cef88b9691ea832528e7f0-768x404-1-300x158.jpeg 300w, https:\/\/ergosafeprago.ec\/wp-content\/uploads\/2026\/03\/e1521aedf4cef88b9691ea832528e7f0-768x404-1.jpeg 768w\" sizes=\"(max-width: 300px) 100vw, 300px\" \/>\t\t\t\t\t\t\t\t\t\t\t\t\t\t\t<\/div>\n\t\t\t\t<div class=\"elementor-element elementor-element-7b2ec01 elementor-widget elementor-widget-text-editor\" data-id=\"7b2ec01\" data-element_type=\"widget\" data-e-type=\"widget\" data-widget_type=\"text-editor.default\">\n\t\t\t\t\t\t\t\t\t<h3><strong>Cinta para pisos industriales<\/strong><\/h3><p><br \/>Mighty Line ofrece una amplia variedad de cintas para piso de colores s\u00f3lidos en varios tama\u00f1os, incluyendo 2, 3, 4 y 6 pulgadas. Estas soluciones de se\u00f1alizaci\u00f3n industrial proporcionan organizaci\u00f3n eficiente, delimitaci\u00f3n clara de zonas y seguridad en almacenes, centros log\u00edsticos y entornos industriales<\/p>\t\t\t\t\t\t\t\t<\/div>\n\t\t\t\t\t<\/div>\n\t\t\t\t<\/div>\n\t\t<div class=\"elementor-element elementor-element-b88bbe5 e-flex e-con-boxed e-con e-parent\" data-id=\"b88bbe5\" data-element_type=\"container\" data-e-type=\"container\">\n\t\t\t\t\t<div class=\"e-con-inner\">\n\t\t\t\t<div class=\"elementor-element elementor-element-dc0466a elementor-widget-divider--view-line elementor-widget elementor-widget-divider\" data-id=\"dc0466a\" data-element_type=\"widget\" data-e-type=\"widget\" data-widget_type=\"divider.default\">\n\t\t\t\t\t\t\t<div class=\"elementor-divider\">\n\t\t\t<span class=\"elementor-divider-separator\">\n\t\t\t\t\t\t<\/span>\n\t\t<\/div>\n\t\t\t\t\t\t<\/div>\n\t\t\t\t\t<\/div>\n\t\t\t\t<\/div>\n\t\t<div class=\"elementor-element elementor-element-83c8da4 e-grid e-con-boxed e-con e-parent\" data-id=\"83c8da4\" data-element_type=\"container\" data-e-type=\"container\">\n\t\t\t\t\t<div class=\"e-con-inner\">\n\t\t\t\t<div class=\"elementor-element elementor-element-181ff81 elementor-widget elementor-widget-image\" data-id=\"181ff81\" data-element_type=\"widget\" data-e-type=\"widget\" data-widget_type=\"image.default\">\n\t\t\t\t\t\t\t\t\t\t\t\t\t\t\t<img decoding=\"async\" width=\"300\" height=\"300\" src=\"https:\/\/ergosafeprago.ec\/wp-content\/uploads\/2026\/03\/MightyLine-Markings-Shapes-768x768-1-300x300.webp\" class=\"attachment-medium size-medium wp-image-390\" alt=\"\" srcset=\"https:\/\/ergosafeprago.ec\/wp-content\/uploads\/2026\/03\/MightyLine-Markings-Shapes-768x768-1-300x300.webp 300w, https:\/\/ergosafeprago.ec\/wp-content\/uploads\/2026\/03\/MightyLine-Markings-Shapes-768x768-1-150x150.webp 150w, https:\/\/ergosafeprago.ec\/wp-content\/uploads\/2026\/03\/MightyLine-Markings-Shapes-768x768-1.webp 768w\" sizes=\"(max-width: 300px) 100vw, 300px\" \/>\t\t\t\t\t\t\t\t\t\t\t\t\t\t\t<\/div>\n\t\t\t\t<div class=\"elementor-element elementor-element-9e34bab elementor-widget elementor-widget-text-editor\" data-id=\"9e34bab\" data-element_type=\"widget\" data-e-type=\"widget\" data-widget_type=\"text-editor.default\">\n\t\t\t\t\t\t\t\t\t<h3><strong>Cinta para piso con formas<\/strong><\/h3><p>Las cintas de suelo 5S de Mighty Line son ideales para marcar diferentes \u00e1reas en su almac\u00e9n. Estos productos de se\u00f1alizaci\u00f3n industril permiten delimitar zonas de seguridad, maquina, \u00e1reas 5S y cualquier espacio que requiera organizaci\u00f3n, mejorando eficiencia, visibilidad y seguridad en almacenes y centros log\u00edsticos.<\/p>\t\t\t\t\t\t\t\t<\/div>\n\t\t\t\t\t<\/div>\n\t\t\t\t<\/div>\n\t\t<div class=\"elementor-element elementor-element-8786091 e-flex e-con-boxed e-con e-parent\" data-id=\"8786091\" data-element_type=\"container\" data-e-type=\"container\">\n\t\t\t\t\t<div class=\"e-con-inner\">\n\t\t\t\t<div class=\"elementor-element elementor-element-86335b7 elementor-widget-divider--view-line elementor-widget elementor-widget-divider\" data-id=\"86335b7\" data-element_type=\"widget\" data-e-type=\"widget\" data-widget_type=\"divider.default\">\n\t\t\t\t\t\t\t<div class=\"elementor-divider\">\n\t\t\t<span class=\"elementor-divider-separator\">\n\t\t\t\t\t\t<\/span>\n\t\t<\/div>\n\t\t\t\t\t\t<\/div>\n\t\t\t\t\t<\/div>\n\t\t\t\t<\/div>\n\t\t<div class=\"elementor-element elementor-element-423c666 e-grid e-con-boxed e-con e-parent\" data-id=\"423c666\" data-element_type=\"container\" data-e-type=\"container\">\n\t\t\t\t\t<div class=\"e-con-inner\">\n\t\t\t\t<div class=\"elementor-element elementor-element-2094881 elementor-widget elementor-widget-image\" data-id=\"2094881\" data-element_type=\"widget\" data-e-type=\"widget\" data-widget_type=\"image.default\">\n\t\t\t\t\t\t\t\t\t\t\t\t\t\t\t<img loading=\"lazy\" decoding=\"async\" width=\"292\" height=\"300\" src=\"https:\/\/ergosafeprago.ec\/wp-content\/uploads\/2026\/03\/387ceb21fc98b410cd3c89f04c8fe89c-768x790-1-292x300.jpeg\" class=\"attachment-medium size-medium wp-image-391\" alt=\"\" srcset=\"https:\/\/ergosafeprago.ec\/wp-content\/uploads\/2026\/03\/387ceb21fc98b410cd3c89f04c8fe89c-768x790-1-292x300.jpeg 292w, https:\/\/ergosafeprago.ec\/wp-content\/uploads\/2026\/03\/387ceb21fc98b410cd3c89f04c8fe89c-768x790-1.jpeg 768w\" sizes=\"(max-width: 292px) 100vw, 292px\" \/>\t\t\t\t\t\t\t\t\t\t\t\t\t\t\t<\/div>\n\t\t\t\t<div class=\"elementor-element elementor-element-8be8ed2 elementor-widget elementor-widget-text-editor\" data-id=\"8be8ed2\" data-element_type=\"widget\" data-e-type=\"widget\" data-widget_type=\"text-editor.default\">\n\t\t\t\t\t\t\t\t\t<h3><strong>Se\u00f1ales de suelo<\/strong><\/h3><p>Las se\u00f1ales de piso de Mighty Line est\u00e1n dise\u00f1adas para resistir condiciones extremas y tr\u00e1fico constante sin descascarillarse ni decolorarse. Su f\u00e1cil aplicaci\u00f3n garantiza seguridad en el lugar de trabajo, mejorando visibilidad. organizaci\u00f3n y se\u00f1alizaci\u00f3n industrial sin burbujas ni arrugas en almacenes y centros log\u00edsticos.<\/p>\t\t\t\t\t\t\t\t<\/div>\n\t\t\t\t\t<\/div>\n\t\t\t\t<\/div>\n\t\t<div class=\"elementor-element elementor-element-9b34e1f e-flex e-con-boxed e-con e-parent\" data-id=\"9b34e1f\" data-element_type=\"container\" data-e-type=\"container\">\n\t\t\t\t\t<div class=\"e-con-inner\">\n\t\t\t\t<div class=\"elementor-element elementor-element-c2089b0 elementor-widget-divider--view-line elementor-widget elementor-widget-divider\" data-id=\"c2089b0\" data-element_type=\"widget\" data-e-type=\"widget\" data-widget_type=\"divider.default\">\n\t\t\t\t\t\t\t<div class=\"elementor-divider\">\n\t\t\t<span class=\"elementor-divider-separator\">\n\t\t\t\t\t\t<\/span>\n\t\t<\/div>\n\t\t\t\t\t\t<\/div>\n\t\t\t\t\t<\/div>\n\t\t\t\t<\/div>\n\t\t\t\t<\/div>\n\t\t","protected":false},"excerpt":{"rendered":"<p>MIGHTY LINE Marcaci\u00f3n de piso duradera y de alto impacto cat\u00e1logo La mejor cinta para marcar pisos, marcas Lean 5s y se\u00f1ales para piso Creando los lugares de trabajo m\u00e1s seguros y avanzados del mundo Aumente la productividad de su almac\u00e9n con nuestra cinta para pisos Categor\u00edas Productos de instalaci\u00f3n y limpieza Mighty Line permite [&hellip;]<\/p>\n","protected":false},"author":1,"featured_media":0,"parent":0,"menu_order":0,"comment_status":"closed","ping_status":"closed","template":"","meta":{"footnotes":""},"class_list":["post-228","page","type-page","status-publish","hentry"],"_links":{"self":[{"href":"https:\/\/ergosafeprago.ec\/index.php\/wp-json\/wp\/v2\/pages\/228","targetHints":{"allow":["GET"]}}],"collection":[{"href":"https:\/\/ergosafeprago.ec\/index.php\/wp-json\/wp\/v2\/pages"}],"about":[{"href":"https:\/\/ergosafeprago.ec\/index.php\/wp-json\/wp\/v2\/types\/page"}],"author":[{"embeddable":true,"href":"https:\/\/ergosafeprago.ec\/index.php\/wp-json\/wp\/v2\/users\/1"}],"replies":[{"embeddable":true,"href":"https:\/\/ergosafeprago.ec\/index.php\/wp-json\/wp\/v2\/comments?post=228"}],"version-history":[{"count":5,"href":"https:\/\/ergosafeprago.ec\/index.php\/wp-json\/wp\/v2\/pages\/228\/revisions"}],"predecessor-version":[{"id":394,"href":"https:\/\/ergosafeprago.ec\/index.php\/wp-json\/wp\/v2\/pages\/228\/revisions\/394"}],"wp:attachment":[{"href":"https:\/\/ergosafeprago.ec\/index.php\/wp-json\/wp\/v2\/media?parent=228"}],"curies":[{"name":"wp","href":"https:\/\/api.w.org\/{rel}","templated":true}]}}